{"id":2743,"date":"2017-01-09T07:31:32","date_gmt":"2017-01-09T07:31:32","guid":{"rendered":"http:\/\/seo.secretlab.pw\/slpl\/?page_id=2743"},"modified":"2023-11-16T13:17:17","modified_gmt":"2023-11-16T12:17:17","slug":"inicio","status":"publish","type":"page","link":"https:\/\/mixr.es\/","title":{"rendered":"Inicio"},"content":{"rendered":"<p>[vc_row][vc_column]<div id=\"ultimate-heading-997169f25f372e687\" class=\"uvc-heading ult-adjust-bottom-margin ultimate-heading-997169f25f372e687 uvc-5169 \" data-hspacer=\"no_spacer\"  data-halign=\"center\" style=\"text-align:center\"><div class=\"uvc-heading-spacer no_spacer\" style=\"top\"><\/div><div class=\"uvc-main-heading ult-responsive\"  data-ultimate-target='.uvc-heading.ultimate-heading-997169f25f372e687 h1'  data-responsive-json-new='{\"font-size\":\"\",\"line-height\":\"\"}' ><h1 style=\"font-weight:normal;\">QU\u00c9 HACEMOS<\/h1><\/div><div class=\"uvc-sub-heading ult-responsive\"  data-ultimate-target='.uvc-heading.ultimate-heading-997169f25f372e687 .uvc-sub-heading '  data-responsive-json-new='{\"font-size\":\"\",\"line-height\":\"\"}'  style=\"font-weight:normal;\">Desarrollamos sitios web y aplicaciones aportando soluciones para el \u00e9xito de cada negocio.<\/div><\/div>[\/vc_column][\/vc_row][vc_row gap=\u00bb30&#8243; equal_height=\u00bbyes\u00bb css=\u00bb.vc_custom_1484126069243{padding-bottom: 70px !important;}\u00bb][vc_column css_animation=\u00bbslideInUp\u00bb width=\u00bb1\/4&#8243; css=\u00bb.vc_custom_1484118968590{border-top-width: 5px !important;border-right-width: 5px !important;border-bottom-width: 5px !important;border-left-width: 5px !important;padding-top: 20px !important;padding-right: 20px !important;padding-bottom: 20px !important;padding-left: 20px !important;border-left-color: #f4f4f4 !important;border-left-style: solid !important;border-right-color: #f4f4f4 !important;border-right-style: solid !important;border-top-color: #f4f4f4 !important;border-top-style: solid !important;border-bottom-color: #f4f4f4 !important;border-bottom-style: solid !important;}\u00bb]<div class=\"ult-just-icon-wrapper   vc_custom_1589384651193\"><div class=\"align-icon\" style=\"text-align:center;\">\n<div class=\"aio-icon none \"  style=\"color:#333;font-size:80px;display:inline-block;\">\n\t<i class=\"seocon-browser2\"><\/i>\n<\/div><\/div><\/div>[vc_column_text]<\/p>\n<p style=\"text-align: center; font-weight: bold; color: #26b7e7; font-size: 20px;\"><strong>Dise\u00f1o web<\/strong><\/p>\n<p style=\"text-align: center;\">Realizamos el dise\u00f1o web para su empresa o negocio<\/p>\n<p>[\/vc_column_text][\/vc_column][vc_column css_animation=\u00bbslideInUp\u00bb width=\u00bb1\/4&#8243; css=\u00bb.vc_custom_1484119111504{border-top-width: 5px !important;border-right-width: 5px !important;border-bottom-width: 5px !important;border-left-width: 5px !important;padding-top: 20px !important;padding-right: 20px !important;padding-bottom: 20px !important;padding-left: 20px !important;border-left-color: #f4f4f4 !important;border-left-style: solid !important;border-right-color: #f4f4f4 !important;border-right-style: solid !important;border-top-color: #f4f4f4 !important;border-top-style: solid !important;border-bottom-color: #f4f4f4 !important;border-bottom-style: solid !important;}\u00bb]<div class=\"ult-just-icon-wrapper   vc_custom_1589384763182\"><div class=\"align-icon\" style=\"text-align:center;\">\n<div class=\"aio-icon none \"  style=\"color:#333;font-size:80px;display:inline-block;\">\n\t<i class=\"alico-gears2\"><\/i>\n<\/div><\/div><\/div>[vc_column_text]<\/p>\n<p style=\"text-align: center; font-weight: bold; color: #26b7e7; font-size: 20px;\"><strong>Servicios web<\/strong><\/p>\n<p style=\"text-align: center;\">Ciclo completo de desarrollo y soporte<\/p>\n<p>[\/vc_column_text][\/vc_column][vc_column css_animation=\u00bbslideInUp\u00bb width=\u00bb1\/4&#8243; css=\u00bb.vc_custom_1484119486351{border-top-width: 5px !important;border-right-width: 5px !important;border-bottom-width: 5px !important;border-left-width: 5px !important;padding-top: 20px !important;padding-right: 20px !important;padding-bottom: 20px !important;padding-left: 20px !important;border-left-color: #f4f4f4 !important;border-left-style: solid !important;border-right-color: #f4f4f4 !important;border-right-style: solid !important;border-top-color: #f4f4f4 !important;border-top-style: solid !important;border-bottom-color: #f4f4f4 !important;border-bottom-style: solid !important;}\u00bb]<div class=\"ult-just-icon-wrapper   vc_custom_1589384925427\"><div class=\"align-icon\" style=\"text-align:center;\">\n<div class=\"aio-icon none \"  style=\"color:#333;font-size:80px;display:inline-block;\">\n\t<i class=\"seocon-browser-12\"><\/i>\n<\/div><\/div><\/div>[vc_column_text]<\/p>\n<p style=\"text-align: center; font-weight: bold; color: #26b7e7; font-size: 20px;\"><strong>Imagen Corporativa<\/strong><\/p>\n<p style=\"text-align: center;\">Creamos la imagen de su negocio<\/p>\n<p>[\/vc_column_text][\/vc_column][vc_column css_animation=\u00bbslideInUp\u00bb width=\u00bb1\/4&#8243; css=\u00bb.vc_custom_1484119671321{border-top-width: 5px !important;border-right-width: 5px !important;border-bottom-width: 5px !important;border-left-width: 5px !important;padding-top: 20px !important;padding-right: 20px !important;padding-bottom: 20px !important;padding-left: 20px !important;border-left-color: #f4f4f4 !important;border-left-style: solid !important;border-right-color: #f4f4f4 !important;border-right-style: solid !important;border-top-color: #f4f4f4 !important;border-top-style: solid !important;border-bottom-color: #f4f4f4 !important;border-bottom-style: solid !important;}\u00bb title_font_style=\u00bbfont-weight:bold;\u00bb]<div class=\"ult-just-icon-wrapper   vc_custom_1589385248820\"><div class=\"align-icon\" style=\"text-align:center;\">\n<div class=\"aio-icon none \"  style=\"color:#333;font-size:80px;display:inline-block;\">\n\t<i class=\"alico-mobile4\"><\/i>\n<\/div><\/div><\/div>[vc_column_text]<\/p>\n<p style=\"text-align: center; font-weight: bold; color: #26b7e7; font-size: 20px;\"><strong>Aplicaciones m\u00f3viles<\/strong><\/p>\n<p style=\"text-align: center;\">Comodidad y funcionalidad en su mano<\/p>\n<p>[\/vc_column_text][\/vc_column][\/vc_row][vc_row full_width=\u00bbstretch_row\u00bb gap=\u00bb35&#8243; bg_type=\u00bbimage\u00bb parallax_style=\u00bbvcpb-default\u00bb bg_image_new=\u00bbid^2754|url^https:\/\/mixr.es\/wp-content\/uploads\/2017\/01\/best_design_best_code.jpg|caption^null|alt^null|title^best_design_best_code|description^null\u00bb bg_image_repeat=\u00bbno-repeat\u00bb bg_image_posiiton=\u00bbcenter top\u00bb css=\u00bb.vc_custom_1484124684640{padding-top: 45px !important;padding-bottom: 35px !important;background-color: #757575 !important;}\u00bb][vc_column width=\u00bb1\/2&#8243;][vc_column_text css_animation=\u00bbfadeInLeft\u00bb css=\u00bb.vc_custom_1589371133167{padding-right: 20px !important;}\u00bb]<\/p>\n<h3 style=\"text-align: left;\"><span style=\"color: #252a2c;\">EL MEJOR DISE\u00d1O<\/span><\/h3>\n<p>El dise\u00f1o comienza a partir de la investigaci\u00f3n de las necesidades de su negocio, el segundo paso es la creaci\u00f3n de prototipos y de las pruebas. Esto asegura que obtenga no s\u00f3lo una imagen bonita, sino tambi\u00e9n un resultado que cumpla con sus prop\u00f3sitos.[\/vc_column_text][\/vc_column][vc_column width=\u00bb1\/2&#8243;][vc_column_text css_animation=\u00bbfadeInRight\u00bb css=\u00bb.vc_custom_1589385731868{padding-left: 20px !important;}\u00bb]<\/p>\n<h3 style=\"text-align: left;\"><span style=\"color: #ffffff;\">EL MEJOR DESARROLLO<\/span><\/h3>\n<p><span style=\"color: #ffffff;\">Nuestro equipo de desarrollo crear\u00e1 una estructura individual para su proyecto de forma que pueda ser escalable a medida de sus necesidades futuras.<\/span>[\/vc_column_text][\/vc_column][\/vc_row][vc_row css=\u00bb.vc_custom_1589481483773{padding-top: 45px !important;padding-bottom: 60px !important;}\u00bb el_id=\u00bbportfolio\u00bb][vc_column]<div id=\"ultimate-heading-171469f25f372eaf6\" class=\"uvc-heading ult-adjust-bottom-margin ultimate-heading-171469f25f372eaf6 uvc-7332 \" data-hspacer=\"no_spacer\"  data-halign=\"center\" style=\"text-align:center\"><div class=\"uvc-heading-spacer no_spacer\" style=\"top\"><\/div><div class=\"uvc-main-heading ult-responsive\"  data-ultimate-target='.uvc-heading.ultimate-heading-171469f25f372eaf6 h2'  data-responsive-json-new='{\"font-size\":\"\",\"line-height\":\"\"}' ><h2 style=\"font-weight:normal;\">NUESTRO PORTFOLIO<\/h2><\/div><div class=\"uvc-sub-heading ult-responsive\"  data-ultimate-target='.uvc-heading.ultimate-heading-171469f25f372eaf6 .uvc-sub-heading '  data-responsive-json-new='{\"font-size\":\"\",\"line-height\":\"\"}'  style=\"font-weight:normal;\">Algunos de nuestros trabajos realizados<\/div><\/div>[vc_gallery interval=\u00bb3&#8243; images=\u00bb3055,3054,3053,3001,2999,3056,3057&#8243; img_size=\u00bblarge\u00bb onclick=\u00bb\u00bb][\/vc_column][\/vc_row][vc_row full_width=\u00bbstretch_row\u00bb bg_type=\u00bbimage\u00bb parallax_style=\u00bbvcpb-default\u00bb bg_image_new=\u00bbid^2512|url^https:\/\/mixr.es\/wp-content\/uploads\/2016\/10\/graph_gradient_bold_light.png|caption^null|alt^null|title^graph_gradient_bold_light|description^null\u00bb bg_image_repeat=\u00bbno-repeat\u00bb bg_image_size=\u00bbinitial\u00bb bg_image_posiiton=\u00bbright bottom\u00bb css=\u00bb.vc_custom_1484126119596{padding-top: 45px !important;padding-bottom: 60px !important;background-color: #f8f8f8 !important;}\u00bb][vc_column]<div id=\"ultimate-heading-178369f25f372eb8c\" class=\"uvc-heading ult-adjust-bottom-margin ultimate-heading-178369f25f372eb8c uvc-3845 \" data-hspacer=\"no_spacer\"  data-halign=\"center\" style=\"text-align:center\"><div class=\"uvc-heading-spacer no_spacer\" style=\"top\"><\/div><div class=\"uvc-main-heading ult-responsive\"  data-ultimate-target='.uvc-heading.ultimate-heading-178369f25f372eb8c h2'  data-responsive-json-new='{\"font-size\":\"\",\"line-height\":\"\"}' ><h2 style=\"font-weight:normal;\">SOBRE NOSOTROS<\/h2><\/div><div class=\"uvc-sub-heading ult-responsive\"  data-ultimate-target='.uvc-heading.ultimate-heading-178369f25f372eb8c .uvc-sub-heading '  data-responsive-json-new='{\"font-size\":\"\",\"line-height\":\"\"}'  style=\"font-weight:normal;\">Algunas palabras sobre nosotros<\/div><\/div>[vc_row_inner][vc_column_inner width=\u00bb1\/2&#8243;][vc_column_text css_animation=\u00bbfadeInLeft\u00bb css=\u00bb.vc_custom_1589369486853{padding-right: 50px !important;}\u00bb]<\/p>\n<p class=\"big\">Somos una empresa creativa, compuesta por un equipo humano muy concienciado de las necesidades de las empresas.<\/p>\n<p>MIXR naci\u00f3 para dar una soluci\u00f3n v\u00e1lida a todas aquellas empresas que no encontraban la soluci\u00f3n a la creaci\u00f3n de su imagen en Internet.[\/vc_column_text][\/vc_column_inner][vc_column_inner width=\u00bb1\/2&#8243;][vc_progress_bar values=\u00bb%5B%7B%22label%22%3A%22Desarrollo%22%2C%22value%22%3A%2295%22%2C%22color%22%3A%22bar_green%22%7D%2C%7B%22label%22%3A%22Dise%C3%B1o%22%2C%22value%22%3A%2285%22%2C%22color%22%3A%22bar_blue%22%7D%2C%7B%22label%22%3A%22Marketing%22%2C%22value%22%3A%2270%22%2C%22color%22%3A%22turquoise%22%7D%2C%7B%22label%22%3A%22App%20soluciones%22%2C%22value%22%3A%2290%22%2C%22color%22%3A%22vista-blue%22%7D%5D\u00bb bgcolor=\u00bbwhite\u00bb css_animation=\u00bbfadeInRight\u00bb units=\u00bb%\u00bb el_class=\u00bbseo_progress\u00bb][\/vc_column_inner][\/vc_row_inner][\/vc_column][\/vc_row][vc_row full_width=\u00bbstretch_row\u00bb css=\u00bb.vc_custom_1484125069452{padding-top: 45px !important;background-color: #383f42 !important;}\u00bb][vc_column]<div id=\"ultimate-heading-577169f25f372ebfd\" class=\"uvc-heading ult-adjust-bottom-margin ultimate-heading-577169f25f372ebfd uvc-335 \" data-hspacer=\"no_spacer\"  data-halign=\"center\" style=\"text-align:center\"><div class=\"uvc-heading-spacer no_spacer\" style=\"top\"><\/div><div class=\"uvc-main-heading ult-responsive\"  data-ultimate-target='.uvc-heading.ultimate-heading-577169f25f372ebfd h2'  data-responsive-json-new='{\"font-size\":\"\",\"line-height\":\"\"}' ><h2 style=\"font-weight:normal;color:#ffffff;\">EL PROCESO<\/h2><\/div><div class=\"uvc-sub-heading ult-responsive\"  data-ultimate-target='.uvc-heading.ultimate-heading-577169f25f372ebfd .uvc-sub-heading '  data-responsive-json-new='{\"font-size\":\"\",\"line-height\":\"\"}'  style=\"font-weight:normal;margin-bottom:30px;\">Peque\u00f1os pasos para el \u00e9xito<\/div><\/div>[\/vc_column][\/vc_row][vc_row full_width=\u00bbstretch_row\u00bb bg_type=\u00bbimage\u00bb parallax_style=\u00bbvcpb-default\u00bb bg_image_new=\u00bbid^2755|url^https:\/\/mixr.es\/wp-content\/uploads\/2017\/01\/development_process_for_dark.png|caption^null|alt^null|title^development_process_for_dark|description^null\u00bb bg_image_repeat=\u00bbno-repeat\u00bb bg_image_size=\u00bbinitial\u00bb bg_image_posiiton=\u00bbcenter center\u00bb css=\u00bb.vc_custom_1484125712641{padding-top: 60px !important;padding-bottom: 80px !important;background-color: #383f42 !important;}\u00bb][vc_column width=\u00bb1\/4&#8243;][vc_single_image image=\u00bb2885&#8243; alignment=\u00bbcenter\u00bb css_animation=\u00bbslideInUp\u00bb css=\u00bb.vc_custom_1589310592903{margin-top: -15px !important;margin-bottom: 0px !important;}\u00bb][vc_custom_heading text=\u00bbAn\u00e1lisis\u00bb font_container=\u00bbtag:h4|text_align:center|color:%23ffffff\u00bb use_theme_fonts=\u00bbyes\u00bb][\/vc_column][vc_column width=\u00bb1\/4&#8243;][vc_single_image image=\u00bb2883&#8243; alignment=\u00bbcenter\u00bb css_animation=\u00bbslideInUp\u00bb css=\u00bb.vc_custom_1589310607703{margin-top: 0px !important;margin-bottom: 0px !important;}\u00bb][vc_custom_heading text=\u00bbestructura\u00bb font_container=\u00bbtag:h4|text_align:center|color:%23ffffff\u00bb use_theme_fonts=\u00bbyes\u00bb][\/vc_column][vc_column width=\u00bb1\/4&#8243;][vc_single_image image=\u00bb2886&#8243; alignment=\u00bbcenter\u00bb css_animation=\u00bbslideInUp\u00bb css=\u00bb.vc_custom_1589310624944{margin-top: -25px !important;margin-bottom: 0px !important;}\u00bb][vc_custom_heading text=\u00bbDise\u00f1o &amp; Desarrollo\u00bb font_container=\u00bbtag:h4|text_align:center|color:%23ffffff\u00bb use_theme_fonts=\u00bbyes\u00bb][\/vc_column][vc_column width=\u00bb1\/4&#8243;][vc_single_image image=\u00bb2884&#8243; alignment=\u00bbcenter\u00bb css_animation=\u00bbslideInUp\u00bb css=\u00bb.vc_custom_1589310642712{margin-top: 55px !important;margin-bottom: 0px !important;}\u00bb][vc_custom_heading text=\u00bbprueba\u00bb font_container=\u00bbtag:h4|text_align:center|color:%23ffffff\u00bb use_theme_fonts=\u00bbyes\u00bb][\/vc_column][\/vc_row][vc_row css=\u00bb.vc_custom_1484125803020{padding-top: 45px !important;padding-bottom: 40px !important;}\u00bb][vc_column]<div id=\"ultimate-heading-145669f25f372ec6a\" class=\"uvc-heading ult-adjust-bottom-margin ultimate-heading-145669f25f372ec6a uvc-3698 \" data-hspacer=\"no_spacer\"  data-halign=\"center\" style=\"text-align:center\"><div class=\"uvc-heading-spacer no_spacer\" style=\"top\"><\/div><div class=\"uvc-main-heading ult-responsive\"  data-ultimate-target='.uvc-heading.ultimate-heading-145669f25f372ec6a h2'  data-responsive-json-new='{\"font-size\":\"\",\"line-height\":\"\"}' ><h2 style=\"font-weight:normal;\">ENV\u00cdANOS TU CONSULTA<\/h2><\/div><\/div><div role=\"form\" class=\"wpcf7\" id=\"wpcf7-f1716-o1\" lang=\"en-US\" dir=\"ltr\">\n<div class=\"screen-reader-response\"><p role=\"status\" aria-live=\"polite\" aria-atomic=\"true\"><\/p> <ul><\/ul><\/div>\n<form action=\"\/index.php\/wp-json\/wp\/v2\/pages\/2743#wpcf7-f1716-o1\" method=\"post\" class=\"wpcf7-form init\" novalidate=\"novalidate\" data-status=\"init\">\n<div style=\"display: none;\">\n<input type=\"hidden\" name=\"_wpcf7\" value=\"1716\" \/>\n<input type=\"hidden\" name=\"_wpcf7_version\" value=\"5.5.6.1\" \/>\n<input type=\"hidden\" name=\"_wpcf7_locale\" value=\"en_US\" \/>\n<input type=\"hidden\" name=\"_wpcf7_unit_tag\" value=\"wpcf7-f1716-o1\" \/>\n<input type=\"hidden\" name=\"_wpcf7_container_post\" value=\"0\" \/>\n<input type=\"hidden\" name=\"_wpcf7_posted_data_hash\" value=\"\" \/>\n<input type=\"hidden\" name=\"_wpcf7_recaptcha_response\" value=\"\" \/>\n<\/div>\n<div class=\"form-group clearfix\">\n<div class=\"col-lg-3 col-md-3 col-sm-6 col-xs-12\">\n                                         <span class=\"wpcf7-form-control-wrap your-name\"><input type=\"text\" name=\"your-name\" value=\"\" size=\"40\" class=\"wpcf7-form-control wpcf7-text wpcf7-validates-as-required form-control\" aria-required=\"true\" aria-invalid=\"false\" placeholder=\"Nombre\" \/><\/span>\n                                    <\/div>\n<div class=\"col-lg-3 col-md-3 col-sm-6 col-xs-12\">\n                                         <span class=\"wpcf7-form-control-wrap text-875\"><input type=\"text\" name=\"text-875\" value=\"\" size=\"40\" class=\"wpcf7-form-control wpcf7-text wpcf7-validates-as-required form-control\" aria-required=\"true\" aria-invalid=\"false\" placeholder=\"P\u00e1gina web\" \/><\/span>\n                                    <\/div>\n<div class=\"col-lg-3 col-md-3 col-sm-6 col-xs-12\">\n                                         <span class=\"wpcf7-form-control-wrap your-email\"><input type=\"email\" name=\"your-email\" value=\"\" size=\"40\" class=\"wpcf7-form-control wpcf7-text wpcf7-email wpcf7-validates-as-required wpcf7-validates-as-email form-control\" aria-required=\"true\" aria-invalid=\"false\" placeholder=\"E-mail\" \/><\/span>\n                                    <\/div>\n<div class=\"col-lg-3 col-md-3 col-sm-6 col-xs-12\">\n                                         <span class=\"wpcf7-form-control-wrap tel-387\"><input type=\"tel\" name=\"tel-387\" value=\"\" size=\"40\" class=\"wpcf7-form-control wpcf7-text wpcf7-tel wpcf7-validates-as-required wpcf7-validates-as-tel\" aria-required=\"true\" aria-invalid=\"false\" placeholder=\"Tel\u00e9fono\" \/><\/span>\n                                    <\/div>\n<\/div>\n<div class=\"form-group clearfix\">\n<div class=\"col-lg-12 col-md-12 col-sm-12 col-xs-12\">\n                                         <span class=\"wpcf7-form-control-wrap your-message\"><textarea name=\"your-message\" cols=\"40\" rows=\"10\" class=\"wpcf7-form-control wpcf7-textarea form-control\" aria-invalid=\"false\" placeholder=\"Mensaje\"><\/textarea><\/span>\n                                    <\/div>\n<\/div>\n<div class=\"form-group clearfix\">\n<div class=\"col-lg-3 col-md-3 hidden-sm hidden-xs\">\n<\/div>\n<div class=\"col-lg-6 col-md-6 col-sm-12 col-xs-12 text-center\">\n                                         <input type=\"submit\" value=\"Enviar\" class=\"wpcf7-form-control has-spinner wpcf7-submit btn btn-info\" \/>\n                                    <\/div>\n<div class=\"col-lg-3 col-md-3 hidden-sm hidden-xs\">\n<\/div>\n<\/div>\n<div class=\"wpcf7-response-output\" aria-hidden=\"true\"><\/div><\/form><\/div>[\/vc_column][\/vc_row]<\/p>\n","protected":false},"excerpt":{"rendered":"<p>[vc_row][vc_column][\/vc_column][\/vc_row][vc_row gap=\u00bb30&#8243; equal_height=\u00bbyes\u00bb css=\u00bb.vc_custom_1484126069243{padding-bottom: 70px !important;}\u00bb][vc_column css_animation=\u00bbslideInUp\u00bb width=\u00bb1\/4&#8243; css=\u00bb.vc_custom_1484118968590{border-top-width: 5px !important;border-right-width: 5px !important;border-bottom-width: 5px !important;border-left-width: 5px !important;padding-top: 20px !important;padding-right: 20px !important;padding-bottom: 20px !important;padding-left: 20px !important;border-left-color: #f4f4f4 !important;border-left-style: solid !important;border-right-color: #f4f4f4 !important;border-right-style: solid !important;border-top-color: #f4f4f4 !important;border-top-style: solid !important;border-bottom-color: #f4f4f4 !important;border-bottom-style: solid !important;}\u00bb][vc_column_text] Dise\u00f1o web Realizamos el dise\u00f1o web para su empresa o negocio [\/vc_column_text][\/vc_column][vc_column css_animation=\u00bbslideInUp\u00bb width=\u00bb1\/4&#8243;<\/p>\n","protected":false},"author":1,"featured_media":0,"parent":0,"menu_order":0,"comment_status":"closed","ping_status":"closed","template":"","meta":[],"yoast_head":"<!-- This site is optimized with the Yoast SEO plugin v18.4.1 - https:\/\/yoast.com\/wordpress\/plugins\/seo\/ -->\n<title>Inicio - MIXR<\/title>\n<meta name=\"description\" content=\"Dise\u00f1o y desarrollo web profesional para su negocio. Si puedes imaginarlo, podemos crearlo.\" \/>\n<meta name=\"robots\" content=\"index, follow, max-snippet:-1, max-image-preview:large, max-video-preview:-1\" \/>\n<link rel=\"canonical\" href=\"https:\/\/mixr.es\/\" \/>\n<meta property=\"og:locale\" content=\"es_ES\" \/>\n<meta property=\"og:type\" content=\"article\" \/>\n<meta property=\"og:title\" content=\"Inicio - MIXR\" \/>\n<meta property=\"og:description\" content=\"Dise\u00f1o y desarrollo web profesional para su negocio. Si puedes imaginarlo, podemos crearlo.\" \/>\n<meta property=\"og:url\" content=\"https:\/\/mixr.es\/\" \/>\n<meta property=\"og:site_name\" content=\"MIXR\" \/>\n<meta property=\"article:modified_time\" content=\"2023-11-16T12:17:17+00:00\" \/>\n<meta name=\"twitter:card\" content=\"summary_large_image\" \/>\n<meta name=\"twitter:label1\" content=\"Tiempo de lectura\" \/>\n\t<meta name=\"twitter:data1\" content=\"6 minutos\" \/>\n<script type=\"application\/ld+json\" class=\"yoast-schema-graph\">{\"@context\":\"https:\/\/schema.org\",\"@graph\":[{\"@type\":\"WebSite\",\"@id\":\"https:\/\/mixr.es\/#website\",\"url\":\"https:\/\/mixr.es\/\",\"name\":\"MIXR\",\"description\":\"Dale a tu negocio la presencia en Internet que se merece.\",\"potentialAction\":[{\"@type\":\"SearchAction\",\"target\":{\"@type\":\"EntryPoint\",\"urlTemplate\":\"https:\/\/mixr.es\/?s={search_term_string}\"},\"query-input\":\"required name=search_term_string\"}],\"inLanguage\":\"es\"},{\"@type\":\"WebPage\",\"@id\":\"https:\/\/mixr.es\/#webpage\",\"url\":\"https:\/\/mixr.es\/\",\"name\":\"Inicio - MIXR\",\"isPartOf\":{\"@id\":\"https:\/\/mixr.es\/#website\"},\"datePublished\":\"2017-01-09T07:31:32+00:00\",\"dateModified\":\"2023-11-16T12:17:17+00:00\",\"description\":\"Dise\u00f1o y desarrollo web profesional para su negocio. Si puedes imaginarlo, podemos crearlo.\",\"breadcrumb\":{\"@id\":\"https:\/\/mixr.es\/#breadcrumb\"},\"inLanguage\":\"es\",\"potentialAction\":[{\"@type\":\"ReadAction\",\"target\":[\"https:\/\/mixr.es\/\"]}]},{\"@type\":\"BreadcrumbList\",\"@id\":\"https:\/\/mixr.es\/#breadcrumb\",\"itemListElement\":[{\"@type\":\"ListItem\",\"position\":1,\"name\":\"Home\",\"item\":\"https:\/\/mixr.es\/\"},{\"@type\":\"ListItem\",\"position\":2,\"name\":\"Inicio\"}]}]}<\/script>\n<!-- \/ Yoast SEO plugin. -->","yoast_head_json":{"title":"Inicio - MIXR","description":"Dise\u00f1o y desarrollo web profesional para su negocio. Si puedes imaginarlo, podemos crearlo.","robots":{"index":"index","follow":"follow","max-snippet":"max-snippet:-1","max-image-preview":"max-image-preview:large","max-video-preview":"max-video-preview:-1"},"canonical":"https:\/\/mixr.es\/","og_locale":"es_ES","og_type":"article","og_title":"Inicio - MIXR","og_description":"Dise\u00f1o y desarrollo web profesional para su negocio. Si puedes imaginarlo, podemos crearlo.","og_url":"https:\/\/mixr.es\/","og_site_name":"MIXR","article_modified_time":"2023-11-16T12:17:17+00:00","twitter_card":"summary_large_image","twitter_misc":{"Tiempo de lectura":"6 minutos"},"schema":{"@context":"https:\/\/schema.org","@graph":[{"@type":"WebSite","@id":"https:\/\/mixr.es\/#website","url":"https:\/\/mixr.es\/","name":"MIXR","description":"Dale a tu negocio la presencia en Internet que se merece.","potentialAction":[{"@type":"SearchAction","target":{"@type":"EntryPoint","urlTemplate":"https:\/\/mixr.es\/?s={search_term_string}"},"query-input":"required name=search_term_string"}],"inLanguage":"es"},{"@type":"WebPage","@id":"https:\/\/mixr.es\/#webpage","url":"https:\/\/mixr.es\/","name":"Inicio - MIXR","isPartOf":{"@id":"https:\/\/mixr.es\/#website"},"datePublished":"2017-01-09T07:31:32+00:00","dateModified":"2023-11-16T12:17:17+00:00","description":"Dise\u00f1o y desarrollo web profesional para su negocio. Si puedes imaginarlo, podemos crearlo.","breadcrumb":{"@id":"https:\/\/mixr.es\/#breadcrumb"},"inLanguage":"es","potentialAction":[{"@type":"ReadAction","target":["https:\/\/mixr.es\/"]}]},{"@type":"BreadcrumbList","@id":"https:\/\/mixr.es\/#breadcrumb","itemListElement":[{"@type":"ListItem","position":1,"name":"Home","item":"https:\/\/mixr.es\/"},{"@type":"ListItem","position":2,"name":"Inicio"}]}]}},"_links":{"self":[{"href":"https:\/\/mixr.es\/index.php\/wp-json\/wp\/v2\/pages\/2743"}],"collection":[{"href":"https:\/\/mixr.es\/index.php\/wp-json\/wp\/v2\/pages"}],"about":[{"href":"https:\/\/mixr.es\/index.php\/wp-json\/wp\/v2\/types\/page"}],"author":[{"embeddable":true,"href":"https:\/\/mixr.es\/index.php\/wp-json\/wp\/v2\/users\/1"}],"replies":[{"embeddable":true,"href":"https:\/\/mixr.es\/index.php\/wp-json\/wp\/v2\/comments?post=2743"}],"version-history":[{"count":30,"href":"https:\/\/mixr.es\/index.php\/wp-json\/wp\/v2\/pages\/2743\/revisions"}],"predecessor-version":[{"id":3058,"href":"https:\/\/mixr.es\/index.php\/wp-json\/wp\/v2\/pages\/2743\/revisions\/3058"}],"wp:attachment":[{"href":"https:\/\/mixr.es\/index.php\/wp-json\/wp\/v2\/media?parent=2743"}],"curies":[{"name":"wp","href":"https:\/\/api.w.org\/{rel}","templated":true}]}}